{"id":3,"date":"2024-12-16T21:43:52","date_gmt":"2024-12-16T20:43:52","guid":{"rendered":"http:\/\/s892395628.mialojamiento.es\/?page_id=3"},"modified":"2025-03-13T13:06:44","modified_gmt":"2025-03-13T12:06:44","slug":"es-politica-privacidad","status":"publish","type":"page","link":"https:\/\/mecatostudio.com\/es\/es-politica-privacidad\/","title":{"rendered":"POL\u00cdTICA-DE-PRIVACIDAD"},"content":{"rendered":"\t\t<div data-elementor-type=\"wp-page\" data-elementor-id=\"3\" class=\"elementor elementor-3\">\n\t\t\t\t<div class=\"elementor-element elementor-element-bf09916 e-flex e-con-boxed e-con e-parent\" data-id=\"bf09916\" data-element_type=\"container\" data-e-type=\"container\">\n\t\t\t\t\t<div class=\"e-con-inner\">\n\t\t\t\t<div class=\"elementor-element elementor-element-c3c7368 elementor-widget elementor-widget-spacer\" data-id=\"c3c7368\" data-element_type=\"widget\" data-e-type=\"widget\" data-widget_type=\"spacer.default\">\n\t\t\t\t<div class=\"elementor-widget-container\">\n\t\t\t\t\t\t\t<div class=\"elementor-spacer\">\n\t\t\t<div class=\"elementor-spacer-inner\"><\/div>\n\t\t<\/div>\n\t\t\t\t\t\t<\/div>\n\t\t\t\t<\/div>\n\t\t\t\t\t<\/div>\n\t\t\t\t<\/div>\n\t\t<div class=\"elementor-element elementor-element-5dcd4d2 e-con-full e-flex e-con e-parent\" data-id=\"5dcd4d2\" data-element_type=\"container\" data-e-type=\"container\">\n\t\t<div class=\"elementor-element elementor-element-b1b9b7a e-con-full e-flex e-con e-child\" data-id=\"b1b9b7a\" data-element_type=\"container\" data-e-type=\"container\">\n\t\t\t\t<div class=\"elementor-element elementor-element-1571133 elementor-widget__width-inherit elementor-widget elementor-widget-heading\" data-id=\"1571133\" data-element_type=\"widget\" data-e-type=\"widget\" data-widget_type=\"heading.default\">\n\t\t\t\t<div class=\"elementor-widget-container\">\n\t\t\t\t\t<h1 class=\"elementor-heading-title elementor-size-default\">Pol\u00edtica de privacidad<\/h1>\t\t\t\t<\/div>\n\t\t\t\t<\/div>\n\t\t\t\t<\/div>\n\t\t<div class=\"elementor-element elementor-element-88d36ac e-con-full e-flex e-con e-child\" data-id=\"88d36ac\" data-element_type=\"container\" data-e-type=\"container\">\n\t\t\t\t<div class=\"elementor-element elementor-element-b40061c elementor-widget elementor-widget-spacer\" data-id=\"b40061c\" data-element_type=\"widget\" data-e-type=\"widget\" data-widget_type=\"spacer.default\">\n\t\t\t\t<div class=\"elementor-widget-container\">\n\t\t\t\t\t\t\t<div class=\"elementor-spacer\">\n\t\t\t<div class=\"elementor-spacer-inner\"><\/div>\n\t\t<\/div>\n\t\t\t\t\t\t<\/div>\n\t\t\t\t<\/div>\n\t\t\t\t<div class=\"elementor-element elementor-element-ed6f64a elementor-widget elementor-widget-text-editor\" data-id=\"ed6f64a\" data-element_type=\"widget\" data-e-type=\"widget\" data-widget_type=\"text-editor.default\">\n\t\t\t\t<div class=\"elementor-widget-container\">\n\t\t\t\t\t\t\t\t\t\n<h3 class=\"wp-block-heading\">Queremos informarte sobre algunos aspectos importantes relacionados con nuestro sitio web<\/h3>\n<p>\u00a1Tu privacidad es como un tesoro para nosotros! Queremos asegurarnos de que te sientas c\u00f3modo y seguro al visitar nuestro sitio web. Por eso, te contamos todo sobre nuestra pol\u00edtica de privacidad de una manera amigable y cercana.<\/p>\n<h3><br \/>\u00bfQu\u00e9 informaci\u00f3n recopilamos?<\/h3>\n<p>Cuando visitas nuestro sitio, podemos recopilar informaci\u00f3n como tu direcci\u00f3n IP, tipo de dispositivo, navegador web utilizado y p\u00e1ginas visitadas. Pero tranquilo, \u00a1no te preocupes! No recopilamos informaci\u00f3n personal identificable sin tu consentimiento expreso.<\/p>\n<h3><br \/>\u00bfC\u00f3mo utilizamos tu informaci\u00f3n?<\/h3>\n<p>Utilizamos la informaci\u00f3n recopilada para mejorar nuestro sitio web, adaptar nuestro contenido a tus intereses y brindarte una experiencia personalizada Adem\u00e1s, podemos utilizarla para analizar tendencias y patrones de uso, siempre de forma an\u00f3nima y agregada.<\/p>\n<h3><br \/>\u00bfCompartimos tu Informaci\u00f3n?<\/h3>\n<p>\u00a1Nunca! Tu informaci\u00f3n personal es sagrada para nosotros. No la compartiremos, venderemos ni alquilaremos a terceros sin tu consentimiento. Mantenemos todo en casa y tomamos medidas de seguridad para proteger tus<br \/>datos.<\/p>\n<p>\u00a0<\/p>\n<h3>Enlaces a otros sitios web<\/h3>\n<p>Es posible que nuestro sitio web contenga enlaces a otros sitios externos. Sin embargo, una vez que haces clic en esos enlaces, recuerda que no tenemos control sobre esos sitios. Por lo tanto, no somos responsables de la protecci\u00f3n y privacidad de cualquier informaci\u00f3n que proporciones al visitar esos sitios.<\/p>\n<h3><br \/>Cambios en nuestra pol\u00edtica de privacidad<\/h3>\n<p>Nos reservamos el derecho de realizar cambios en nuestra pol\u00edtica de privacidad en cualquier momento. Cualquier modificaci\u00f3n ser\u00e1 efectiva inmediatamente despu\u00e9s de la publicaci\u00f3n en nuestro sitio web. Te recomendamos revisar peri\u00f3dicamente esta p\u00e1gina para estar al tanto de cualquier actualizaci\u00f3n.<\/p>\n<p><br \/>Tu consentimiento al utilizar nuestro sitio web, est\u00e1s dando tu consentimiento para nuestra pol\u00edtica de privacidad.<\/p>\n<p><br \/>Si tienes alguna pregunta o inquietud acerca de nuestra pol\u00edtica de privacidad, no dudes en contactarnos. Estamos aqu\u00ed para responder cualquier duda que puedas tener.<\/p>\n\t\t\t\t\t\t\t\t<\/div>\n\t\t\t\t<\/div>\n\t\t\t\t<div class=\"elementor-element elementor-element-18d057c elementor-widget elementor-widget-text-editor\" data-id=\"18d057c\" data-element_type=\"widget\" data-e-type=\"widget\" data-widget_type=\"text-editor.default\">\n\t\t\t\t<div class=\"elementor-widget-container\">\n\t\t\t\t\t\t\t\t\t<p>\u00a1Gracias por confiar en nosotros y por ser parte de nuestra comunidad!<\/p>\t\t\t\t\t\t\t\t<\/div>\n\t\t\t\t<\/div>\n\t\t\t\t<\/div>\n\t\t\t\t<\/div>\n\t\t<div class=\"elementor-element elementor-element-2286b00 e-flex e-con-boxed e-con e-parent\" data-id=\"2286b00\" data-element_type=\"container\" data-e-type=\"container\">\n\t\t\t\t\t<div class=\"e-con-inner\">\n\t\t\t\t<div class=\"elementor-element elementor-element-5df8f8c elementor-widget elementor-widget-spacer\" data-id=\"5df8f8c\" data-element_type=\"widget\" data-e-type=\"widget\" data-widget_type=\"spacer.default\">\n\t\t\t\t<div class=\"elementor-widget-container\">\n\t\t\t\t\t\t\t<div class=\"elementor-spacer\">\n\t\t\t<div class=\"elementor-spacer-inner\"><\/div>\n\t\t<\/div>\n\t\t\t\t\t\t<\/div>\n\t\t\t\t<\/div>\n\t\t\t\t\t<\/div>\n\t\t\t\t<\/div>\n\t\t\t\t<\/div>\n\t\t","protected":false},"excerpt":{"rendered":"<p>Pol\u00edtica de privacidad Queremos informarte sobre algunos aspectos importantes relacionados con nuestro sitio web \u00a1Tu privacidad es como un tesoro [&hellip;]<\/p>\n","protected":false},"author":1,"featured_media":0,"parent":0,"menu_order":0,"comment_status":"closed","ping_status":"closed","template":"","meta":{"site-sidebar-layout":"default","site-content-layout":"","ast-site-content-layout":"default","site-content-style":"default","site-sidebar-style":"default","ast-global-header-display":"","ast-banner-title-visibility":"","ast-main-header-display":"","ast-hfb-above-header-display":"","ast-hfb-below-header-display":"","ast-hfb-mobile-header-display":"","site-post-title":"","ast-breadcrumbs-content":"","ast-featured-img":"","footer-sml-layout":"","ast-disable-related-posts":"","theme-transparent-header-meta":"","adv-header-id-meta":"","stick-header-meta":"","header-above-stick-meta":"","header-main-stick-meta":"","header-below-stick-meta":"","astra-migrate-meta-layouts":"default","ast-page-background-enabled":"default","ast-page-background-meta":{"desktop":{"background-color":"var(--ast-global-color-5)","background-image":"","background-repeat":"repeat","background-position":"center center","background-size":"auto","background-attachment":"scroll","background-type":"","background-media":"","overlay-type":"","overlay-color":"","overlay-opacity":"","overlay-gradient":""},"tablet":{"background-color":"","background-image":"","background-repeat":"repeat","background-position":"center center","background-size":"auto","background-attachment":"scroll","background-type":"","background-media":"","overlay-type":"","overlay-color":"","overlay-opacity":"","overlay-gradient":""},"mobile":{"background-color":"","background-image":"","background-repeat":"repeat","background-position":"center center","background-size":"auto","background-attachment":"scroll","background-type":"","background-media":"","overlay-type":"","overlay-color":"","overlay-opacity":"","overlay-gradient":""}},"ast-content-background-meta":{"desktop":{"background-color":"var(--ast-global-color-4)","background-image":"","background-repeat":"repeat","background-position":"center center","background-size":"auto","background-attachment":"scroll","background-type":"","background-media":"","overlay-type":"","overlay-color":"","overlay-opacity":"","overlay-gradient":""},"tablet":{"background-color":"var(--ast-global-color-4)","background-image":"","background-repeat":"repeat","background-position":"center center","background-size":"auto","background-attachment":"scroll","background-type":"","background-media":"","overlay-type":"","overlay-color":"","overlay-opacity":"","overlay-gradient":""},"mobile":{"background-color":"var(--ast-global-color-4)","background-image":"","background-repeat":"repeat","background-position":"center center","background-size":"auto","background-attachment":"scroll","background-type":"","background-media":"","overlay-type":"","overlay-color":"","overlay-opacity":"","overlay-gradient":""}},"footnotes":""},"class_list":["post-3","page","type-page","status-publish","hentry"],"_links":{"self":[{"href":"https:\/\/mecatostudio.com\/es\/wp-json\/wp\/v2\/pages\/3","targetHints":{"allow":["GET"]}}],"collection":[{"href":"https:\/\/mecatostudio.com\/es\/wp-json\/wp\/v2\/pages"}],"about":[{"href":"https:\/\/mecatostudio.com\/es\/wp-json\/wp\/v2\/types\/page"}],"author":[{"embeddable":true,"href":"https:\/\/mecatostudio.com\/es\/wp-json\/wp\/v2\/users\/1"}],"replies":[{"embeddable":true,"href":"https:\/\/mecatostudio.com\/es\/wp-json\/wp\/v2\/comments?post=3"}],"version-history":[{"count":43,"href":"https:\/\/mecatostudio.com\/es\/wp-json\/wp\/v2\/pages\/3\/revisions"}],"predecessor-version":[{"id":1304,"href":"https:\/\/mecatostudio.com\/es\/wp-json\/wp\/v2\/pages\/3\/revisions\/1304"}],"wp:attachment":[{"href":"https:\/\/mecatostudio.com\/es\/wp-json\/wp\/v2\/media?parent=3"}],"curies":[{"name":"wp","href":"https:\/\/api.w.org\/{rel}","templated":true}]}}