{"id":810,"date":"2025-02-06T20:57:09","date_gmt":"2025-02-06T19:57:09","guid":{"rendered":"http:\/\/s892395628.mialojamiento.es\/?page_id=810"},"modified":"2025-03-13T13:06:38","modified_gmt":"2025-03-13T12:06:38","slug":"es-politica-cookies","status":"publish","type":"page","link":"https:\/\/mecatostudio.com\/en\/es-politica-cookies\/","title":{"rendered":"POL\u00cdTICA-DE-COOKIES"},"content":{"rendered":"<div data-elementor-type=\"wp-page\" data-elementor-id=\"810\" class=\"elementor elementor-810\">\n\t\t\t\t<div class=\"elementor-element elementor-element-1090b344 e-flex e-con-boxed e-con e-parent\" data-id=\"1090b344\" data-element_type=\"container\" data-e-type=\"container\">\n\t\t\t\t\t<div class=\"e-con-inner\">\n\t\t\t\t<div class=\"elementor-element elementor-element-422e3813 elementor-widget elementor-widget-spacer\" data-id=\"422e3813\" data-element_type=\"widget\" data-e-type=\"widget\" data-widget_type=\"spacer.default\">\n\t\t\t\t<div class=\"elementor-widget-container\">\n\t\t\t\t\t\t\t<div class=\"elementor-spacer\">\n\t\t\t<div class=\"elementor-spacer-inner\"><\/div>\n\t\t<\/div>\n\t\t\t\t\t\t<\/div>\n\t\t\t\t<\/div>\n\t\t\t\t\t<\/div>\n\t\t\t\t<\/div>\n\t\t<div class=\"elementor-element elementor-element-78fd2ea6 e-con-full e-flex e-con e-parent\" data-id=\"78fd2ea6\" data-element_type=\"container\" data-e-type=\"container\">\n\t\t<div class=\"elementor-element elementor-element-7b995acd e-con-full e-flex e-con e-child\" data-id=\"7b995acd\" data-element_type=\"container\" data-e-type=\"container\">\n\t\t\t\t<div class=\"elementor-element elementor-element-2955b40c elementor-widget__width-inherit elementor-widget elementor-widget-heading\" data-id=\"2955b40c\" data-element_type=\"widget\" data-e-type=\"widget\" data-widget_type=\"heading.default\">\n\t\t\t\t<div class=\"elementor-widget-container\">\n\t\t\t\t\t<h1 class=\"elementor-heading-title elementor-size-default\">Cookie Policy<\/h1>\t\t\t\t<\/div>\n\t\t\t\t<\/div>\n\t\t\t\t<\/div>\n\t\t<div class=\"elementor-element elementor-element-5e154966 e-con-full e-flex e-con e-child\" data-id=\"5e154966\" data-element_type=\"container\" data-e-type=\"container\">\n\t\t\t\t<div class=\"elementor-element elementor-element-3e817ce5 elementor-widget elementor-widget-spacer\" data-id=\"3e817ce5\" data-element_type=\"widget\" data-e-type=\"widget\" data-widget_type=\"spacer.default\">\n\t\t\t\t<div class=\"elementor-widget-container\">\n\t\t\t\t\t\t\t<div class=\"elementor-spacer\">\n\t\t\t<div class=\"elementor-spacer-inner\"><\/div>\n\t\t<\/div>\n\t\t\t\t\t\t<\/div>\n\t\t\t\t<\/div>\n\t\t\t\t<div class=\"elementor-element elementor-element-75ebfcc8 elementor-widget elementor-widget-text-editor\" data-id=\"75ebfcc8\" data-element_type=\"widget\" data-e-type=\"widget\" data-widget_type=\"text-editor.default\">\n\t\t\t\t<div class=\"elementor-widget-container\">\n\t\t\t\t\t\t\t\t\t<h3>Queremos informarte sobre algunos aspectos importantes relacionados con nuestro sitio web<\/h3><p>\u00a1Las cookies son como los ingredientes secretos de nuestra web! Queremos contarte un poco sobre ellas para que est\u00e9s al tanto de c\u00f3mo nos ayudan a mejorar tu experiencia en nuestro siti0.<\/p><h3>\u00bfQu\u00e9 son las cookies?<\/h3><p>Las cookies son peque\u00f1os archivos de texto que se almacenan en tu dispositivo cuando visitas nuestra web. No te preocupes, no son invasivas ni te espacio en tu armario digital. \ud83d\ude42 Estas galletitas son herramientas tecnol\u00f3gicas que<br \/>nos permiten personalizar el contenido que ves, recordar tus preferencias y ofrecerte funciones especiales.<\/p><h3>\u00bfQu\u00e9 tipos de cookies utilizamos?<\/h3><ol><li>Cookies esenciales: Estas galletitas son necesarias para el funcionamiento b\u00e1sico de nuestro Siti0. Nos ayudan a recordar tus preferencias y asegurarnos de que todo funcione Sin problemas.<\/li><li>Cookies de rendimiento y an\u00e1lisis: Estas cookies nos ayudan a comprender c\u00f3mo interact\u00faas con nuestro sitio web. Recopilamos informaci\u00f3n an\u00f3nima sobre tus vistas y patrones de navegaci\u00f3n para mejorar nuestro contenido y optimizar el rendimiento.<\/li><li>Cookies de personalizaci\u00f3n: \u00a1Aqu\u00ed viene lo bueno! Estas cookies nos permiten ofrecerte contenido personalizado y adaptado a tus intereses. Queremos que te sientas como en casa cuando navegues en nuestro sito.<\/li><\/ol><h3>\u00bfC\u00f3mo puedes controlar las cookies?<\/h3><p>La decisi\u00f3n est\u00e1 en tus manos. Puedes ajustar la configuraci\u00f3n de tu navegador para bloquear o eliminar cookies. Sin embargo, ten en cuenta que esto puede afectar la funcionalidad de ciertas partes de nuestro sitio y es posible que no<br \/>puedas aprovechar al m\u00e1ximo todas nuestras caracter\u00edsticas incre\u00edbles.<\/p><p>Pero, \u00a1ojo! Tus datos personales est\u00e1n seguros con nosotros. Queremos que est\u00e9s tranquilo. Las cookies no recopilan informaci\u00f3n personal sin tu consentimiento. Tu privacidad es respetada y protegida en todo momento. No compartiremos tu informaci\u00f3n con terceros sin tu permiso.<\/p><p>\u00a1Tu privacidad es muy importante para nosotros!<\/p><p>Gracias por formar parte de nuestra dulce experiencia en la web y disfruta navegando en nuestro sitio.<\/p><p>Si tienes alguna pregunta, no dudes en contactarnos.<\/p><p><!-- \/wp:paragraph --><\/p>\t\t\t\t\t\t\t\t<\/div>\n\t\t\t\t<\/div>\n\t\t\t\t<div class=\"elementor-element elementor-element-5fd5ed89 elementor-widget elementor-widget-text-editor\" data-id=\"5fd5ed89\" data-element_type=\"widget\" data-e-type=\"widget\" data-widget_type=\"text-editor.default\">\n\t\t\t\t<div class=\"elementor-widget-container\">\n\t\t\t\t\t\t\t\t\t<p>\u00a1Feliz navegaci\u00f3n!<\/p>\t\t\t\t\t\t\t\t<\/div>\n\t\t\t\t<\/div>\n\t\t\t\t<\/div>\n\t\t\t\t<\/div>\n\t\t<div class=\"elementor-element elementor-element-23478ddf e-flex e-con-boxed e-con e-parent\" data-id=\"23478ddf\" data-element_type=\"container\" data-e-type=\"container\">\n\t\t\t\t\t<div class=\"e-con-inner\">\n\t\t\t\t<div class=\"elementor-element elementor-element-69bcd1ae elementor-widget elementor-widget-spacer\" data-id=\"69bcd1ae\" data-element_type=\"widget\" data-e-type=\"widget\" data-widget_type=\"spacer.default\">\n\t\t\t\t<div class=\"elementor-widget-container\">\n\t\t\t\t\t\t\t<div class=\"elementor-spacer\">\n\t\t\t<div class=\"elementor-spacer-inner\"><\/div>\n\t\t<\/div>\n\t\t\t\t\t\t<\/div>\n\t\t\t\t<\/div>\n\t\t\t\t\t<\/div>\n\t\t\t\t<\/div>\n\t\t\t\t<\/div>","protected":false},"excerpt":{"rendered":"<p>Pol\u00edtica de cookies Queremos informarte sobre algunos aspectos importantes relacionados con nuestro sitio web \u00a1Las cookies son como los ingredientes [&hellip;]<\/p>\n","protected":false},"author":1,"featured_media":0,"parent":0,"menu_order":0,"comment_status":"closed","ping_status":"closed","template":"","meta":{"site-sidebar-layout":"no-sidebar","site-content-layout":"","ast-site-content-layout":"full-width-container","site-content-style":"default","site-sidebar-style":"default","ast-global-header-display":"","ast-banner-title-visibility":"","ast-main-header-display":"","ast-hfb-above-header-display":"","ast-hfb-below-header-display":"","ast-hfb-mobile-header-display":"","site-post-title":"disabled","ast-breadcrumbs-content":"","ast-featured-img":"disabled","footer-sml-layout":"","ast-disable-related-posts":"","theme-transparent-header-meta":"","adv-header-id-meta":"","stick-header-meta":"","header-above-stick-meta":"","header-main-stick-meta":"","header-below-stick-meta":"","astra-migrate-meta-layouts":"default","ast-page-background-enabled":"default","ast-page-background-meta":{"desktop":{"background-color":"var(--ast-global-color-5)","background-image":"","background-repeat":"repeat","background-position":"center center","background-size":"auto","background-attachment":"scroll","background-type":"","background-media":"","overlay-type":"","overlay-color":"","overlay-opacity":"","overlay-gradient":""},"tablet":{"background-color":"","background-image":"","background-repeat":"repeat","background-position":"center center","background-size":"auto","background-attachment":"scroll","background-type":"","background-media":"","overlay-type":"","overlay-color":"","overlay-opacity":"","overlay-gradient":""},"mobile":{"background-color":"","background-image":"","background-repeat":"repeat","background-position":"center center","background-size":"auto","background-attachment":"scroll","background-type":"","background-media":"","overlay-type":"","overlay-color":"","overlay-opacity":"","overlay-gradient":""}},"ast-content-background-meta":{"desktop":{"background-color":"var(--ast-global-color-4)","background-image":"","background-repeat":"repeat","background-position":"center center","background-size":"auto","background-attachment":"scroll","background-type":"","background-media":"","overlay-type":"","overlay-color":"","overlay-opacity":"","overlay-gradient":""},"tablet":{"background-color":"var(--ast-global-color-4)","background-image":"","background-repeat":"repeat","background-position":"center center","background-size":"auto","background-attachment":"scroll","background-type":"","background-media":"","overlay-type":"","overlay-color":"","overlay-opacity":"","overlay-gradient":""},"mobile":{"background-color":"var(--ast-global-color-4)","background-image":"","background-repeat":"repeat","background-position":"center center","background-size":"auto","background-attachment":"scroll","background-type":"","background-media":"","overlay-type":"","overlay-color":"","overlay-opacity":"","overlay-gradient":""}},"footnotes":""},"class_list":["post-810","page","type-page","status-publish","hentry"],"_links":{"self":[{"href":"https:\/\/mecatostudio.com\/en\/wp-json\/wp\/v2\/pages\/810","targetHints":{"allow":["GET"]}}],"collection":[{"href":"https:\/\/mecatostudio.com\/en\/wp-json\/wp\/v2\/pages"}],"about":[{"href":"https:\/\/mecatostudio.com\/en\/wp-json\/wp\/v2\/types\/page"}],"author":[{"embeddable":true,"href":"https:\/\/mecatostudio.com\/en\/wp-json\/wp\/v2\/users\/1"}],"replies":[{"embeddable":true,"href":"https:\/\/mecatostudio.com\/en\/wp-json\/wp\/v2\/comments?post=810"}],"version-history":[{"count":17,"href":"https:\/\/mecatostudio.com\/en\/wp-json\/wp\/v2\/pages\/810\/revisions"}],"predecessor-version":[{"id":1301,"href":"https:\/\/mecatostudio.com\/en\/wp-json\/wp\/v2\/pages\/810\/revisions\/1301"}],"wp:attachment":[{"href":"https:\/\/mecatostudio.com\/en\/wp-json\/wp\/v2\/media?parent=810"}],"curies":[{"name":"wp","href":"https:\/\/api.w.org\/{rel}","templated":true}]}}